{"id":1395,"date":"2024-08-22T00:31:17","date_gmt":"2024-08-21T21:31:17","guid":{"rendered":"https:\/\/vivalibeauty.com\/?post_type=product&#038;p=1395"},"modified":"2025-01-22T12:55:08","modified_gmt":"2025-01-22T09:55:08","slug":"prime-regenera-ii","status":"publish","type":"product","link":"https:\/\/vivalibeauty.com\/de\/produkt\/prime-regenera-ii\/","title":{"rendered":"Prime Regenera II"},"content":{"rendered":"<p><strong>Intensiv n\u00e4<\/strong><strong>hrende und reparierende Creme:\u00a0 <\/strong><\/p>\n<p><strong>Ideal f\u00fc<\/strong><strong>r die Behandlung von extrem trockener und gesch<\/strong><strong>\u00e4<\/strong><strong>digter Haut. Ob als gelegentliche oder t<\/strong><strong>\u00e4<\/strong><strong>gliche Pflege, diese ultra-reichhaltige Creme n<\/strong><strong>\u00e4<\/strong><strong>hrt, repariert und beruhigt die Haut..<\/strong><\/p>\n","protected":false},"excerpt":{"rendered":"<p>Intensiv n\u00e4hrende und reparierende Creme:\u00a0 Ideal f\u00fcr die Behandlung von extrem trockener und gesch\u00e4digter Haut. Ob als gelegentliche oder t\u00e4gliche Pflege, diese&hellip;<\/p>\n","protected":false},"featured_media":1396,"template":"","meta":[],"product_brand":[],"product_cat":[31,67,83,32,26],"product_tag":[],"class_list":{"0":"post-1395","1":"product","2":"type-product","3":"status-publish","4":"has-post-thumbnail","6":"product_cat-categorybrand","7":"product_cat-cream-face","8":"product_cat-energyline","9":"product_cat-face","10":"product_cat-valmont","12":"first","13":"instock","14":"taxable","15":"shipping-taxable","16":"purchasable","17":"product-type-variable"},"_links":{"self":[{"href":"https:\/\/vivalibeauty.com\/de\/wp-json\/wp\/v2\/product\/1395","targetHints":{"allow":["GET"]}}],"collection":[{"href":"https:\/\/vivalibeauty.com\/de\/wp-json\/wp\/v2\/product"}],"about":[{"href":"https:\/\/vivalibeauty.com\/de\/wp-json\/wp\/v2\/types\/product"}],"wp:featuredmedia":[{"embeddable":true,"href":"https:\/\/vivalibeauty.com\/de\/wp-json\/wp\/v2\/media\/1396"}],"wp:attachment":[{"href":"https:\/\/vivalibeauty.com\/de\/wp-json\/wp\/v2\/media?parent=1395"}],"wp:term":[{"taxonomy":"product_brand","embeddable":true,"href":"https:\/\/vivalibeauty.com\/de\/wp-json\/wp\/v2\/product_brand?post=1395"},{"taxonomy":"product_cat","embeddable":true,"href":"https:\/\/vivalibeauty.com\/de\/wp-json\/wp\/v2\/product_cat?post=1395"},{"taxonomy":"product_tag","embeddable":true,"href":"https:\/\/vivalibeauty.com\/de\/wp-json\/wp\/v2\/product_tag?post=1395"}],"curies":[{"name":"wp","href":"https:\/\/api.w.org\/{rel}","templated":true}]}}