{"id":1343,"date":"2024-08-21T23:46:14","date_gmt":"2024-08-21T20:46:14","guid":{"rendered":"https:\/\/vivalibeauty.com\/?post_type=product&#038;p=1343"},"modified":"2024-11-09T18:14:25","modified_gmt":"2024-11-09T15:14:25","slug":"priming-with-a-hydrating-fluid","status":"publish","type":"product","link":"https:\/\/vivalibeauty.com\/de\/produkt\/priming-with-a-hydrating-fluid\/","title":{"rendered":"Priming with a hydrating fluid"},"content":{"rendered":"<p><strong>Feuchtigkeitsspendender Primer\u00a0 <\/strong><\/p>\n<p><strong>Ein erfrischender, feuchtigkeitsspendender Spr<\/strong><strong>\u00fc<\/strong><strong>hnebel f<\/strong><strong>\u00fc<\/strong><strong>r eine schnelle Beauty-Pflege: Mikro-Tr<\/strong><strong>\u00f6<\/strong><strong>pfchen versorgen die Haut sofort mit Feuchtigkeit und pflanzlichen Extrakten.<\/strong><\/p>\n","protected":false},"excerpt":{"rendered":"<p>Feuchtigkeitsspendender Primer\u00a0 Ein erfrischender, feuchtigkeitsspendender Spr\u00fchnebel f\u00fcr eine schnelle Beauty-Pflege: Mikro-Tr\u00f6pfchen versorgen die Haut sofort mit Feuchtigkeit und pflanzlichen Extrakten.<\/p>\n","protected":false},"featured_media":1344,"template":"","meta":[],"product_brand":[],"product_cat":[31,32,68,26],"product_tag":[],"class_list":{"0":"post-1343","1":"product","2":"type-product","3":"status-publish","4":"has-post-thumbnail","6":"product_cat-categorybrand","7":"product_cat-face","8":"product_cat-spray-face","9":"product_cat-valmont","11":"first","12":"instock","13":"taxable","14":"shipping-taxable","15":"purchasable","16":"product-type-variable"},"_links":{"self":[{"href":"https:\/\/vivalibeauty.com\/de\/wp-json\/wp\/v2\/product\/1343","targetHints":{"allow":["GET"]}}],"collection":[{"href":"https:\/\/vivalibeauty.com\/de\/wp-json\/wp\/v2\/product"}],"about":[{"href":"https:\/\/vivalibeauty.com\/de\/wp-json\/wp\/v2\/types\/product"}],"wp:featuredmedia":[{"embeddable":true,"href":"https:\/\/vivalibeauty.com\/de\/wp-json\/wp\/v2\/media\/1344"}],"wp:attachment":[{"href":"https:\/\/vivalibeauty.com\/de\/wp-json\/wp\/v2\/media?parent=1343"}],"wp:term":[{"taxonomy":"product_brand","embeddable":true,"href":"https:\/\/vivalibeauty.com\/de\/wp-json\/wp\/v2\/product_brand?post=1343"},{"taxonomy":"product_cat","embeddable":true,"href":"https:\/\/vivalibeauty.com\/de\/wp-json\/wp\/v2\/product_cat?post=1343"},{"taxonomy":"product_tag","embeddable":true,"href":"https:\/\/vivalibeauty.com\/de\/wp-json\/wp\/v2\/product_tag?post=1343"}],"curies":[{"name":"wp","href":"https:\/\/api.w.org\/{rel}","templated":true}]}}