{"id":1320,"date":"2024-08-21T23:18:34","date_gmt":"2024-08-21T20:18:34","guid":{"rendered":"https:\/\/vivalibeauty.com\/?post_type=product&#038;p=1320"},"modified":"2025-01-22T13:12:32","modified_gmt":"2025-01-22T10:12:32","slug":"bi-falls","status":"publish","type":"product","link":"https:\/\/vivalibeauty.com\/de\/produkt\/bi-falls\/","title":{"rendered":"Bi-Falls"},"content":{"rendered":"<p><strong>Zwei-Phasen Augen-Make-up-Entferner\u00a0 <\/strong><\/p>\n<p><strong>Dieser Augen-Make-up-Entferner sorgt in nur wenigen Momenten f<\/strong><strong>\u00fcr gr\u00fc<\/strong><strong>ndliche Reinigung und kombiniert Effektivit<\/strong><strong>\u00e4<\/strong><strong>t mit angenehmer Anwendung, ohne einen klebrigen Fettfilm zu hinterlassen.<\/strong><\/p>\n","protected":false},"excerpt":{"rendered":"<p>Zwei-Phasen Augen-Make-up-Entferner\u00a0 Dieser Augen-Make-up-Entferner sorgt in nur wenigen Momenten f\u00fcr gr\u00fcndliche Reinigung und kombiniert Effektivit\u00e4t mit angenehmer Anwendung, ohne einen klebrigen Fettfilm&hellip;<\/p>\n","protected":false},"featured_media":1321,"template":"","meta":[],"product_brand":[],"product_cat":[31,38,32,86,26],"product_tag":[],"class_list":{"0":"post-1320","1":"product","2":"type-product","3":"status-publish","4":"has-post-thumbnail","6":"product_cat-categorybrand","7":"product_cat-cleansingmilk","8":"product_cat-face","9":"product_cat-purityline","10":"product_cat-valmont","12":"first","13":"instock","14":"taxable","15":"shipping-taxable","16":"purchasable","17":"product-type-variable"},"_links":{"self":[{"href":"https:\/\/vivalibeauty.com\/de\/wp-json\/wp\/v2\/product\/1320","targetHints":{"allow":["GET"]}}],"collection":[{"href":"https:\/\/vivalibeauty.com\/de\/wp-json\/wp\/v2\/product"}],"about":[{"href":"https:\/\/vivalibeauty.com\/de\/wp-json\/wp\/v2\/types\/product"}],"wp:featuredmedia":[{"embeddable":true,"href":"https:\/\/vivalibeauty.com\/de\/wp-json\/wp\/v2\/media\/1321"}],"wp:attachment":[{"href":"https:\/\/vivalibeauty.com\/de\/wp-json\/wp\/v2\/media?parent=1320"}],"wp:term":[{"taxonomy":"product_brand","embeddable":true,"href":"https:\/\/vivalibeauty.com\/de\/wp-json\/wp\/v2\/product_brand?post=1320"},{"taxonomy":"product_cat","embeddable":true,"href":"https:\/\/vivalibeauty.com\/de\/wp-json\/wp\/v2\/product_cat?post=1320"},{"taxonomy":"product_tag","embeddable":true,"href":"https:\/\/vivalibeauty.com\/de\/wp-json\/wp\/v2\/product_tag?post=1320"}],"curies":[{"name":"wp","href":"https:\/\/api.w.org\/{rel}","templated":true}]}}