{"id":1311,"date":"2024-08-21T22:52:50","date_gmt":"2024-08-21T19:52:50","guid":{"rendered":"https:\/\/vivalibeauty.com\/?post_type=product&#038;p=1311"},"modified":"2025-01-22T13:12:57","modified_gmt":"2025-01-22T10:12:57","slug":"fluid-falls","status":"publish","type":"product","link":"https:\/\/vivalibeauty.com\/de\/produkt\/fluid-falls\/","title":{"rendered":"Fluid Falls"},"content":{"rendered":"<p>Dieses reichhaltige Reinigungsfluid entfernt selbst hartn\u00e4ckiges Make-up m\u00fchelos. Es bietet sofortige, wohltuende Pflege und verw\u00f6hnt die Haut mit einer sanften Reinigung.<\/p>\n","protected":false},"excerpt":{"rendered":"<p>Dieses reichhaltige Reinigungsfluid entfernt selbst hartn\u00e4ckiges Make-up m\u00fchelos. Es bietet sofortige, wohltuende Pflege und verw\u00f6hnt die Haut mit einer sanften Reinigung.<\/p>\n","protected":false},"featured_media":1312,"template":"","meta":[],"product_brand":[],"product_cat":[38,32,86,26],"product_tag":[],"class_list":{"0":"post-1311","1":"product","2":"type-product","3":"status-publish","4":"has-post-thumbnail","6":"product_cat-cleansingmilk","7":"product_cat-face","8":"product_cat-purityline","9":"product_cat-valmont","11":"first","12":"instock","13":"taxable","14":"shipping-taxable","15":"purchasable","16":"product-type-variable"},"_links":{"self":[{"href":"https:\/\/vivalibeauty.com\/de\/wp-json\/wp\/v2\/product\/1311","targetHints":{"allow":["GET"]}}],"collection":[{"href":"https:\/\/vivalibeauty.com\/de\/wp-json\/wp\/v2\/product"}],"about":[{"href":"https:\/\/vivalibeauty.com\/de\/wp-json\/wp\/v2\/types\/product"}],"wp:featuredmedia":[{"embeddable":true,"href":"https:\/\/vivalibeauty.com\/de\/wp-json\/wp\/v2\/media\/1312"}],"wp:attachment":[{"href":"https:\/\/vivalibeauty.com\/de\/wp-json\/wp\/v2\/media?parent=1311"}],"wp:term":[{"taxonomy":"product_brand","embeddable":true,"href":"https:\/\/vivalibeauty.com\/de\/wp-json\/wp\/v2\/product_brand?post=1311"},{"taxonomy":"product_cat","embeddable":true,"href":"https:\/\/vivalibeauty.com\/de\/wp-json\/wp\/v2\/product_cat?post=1311"},{"taxonomy":"product_tag","embeddable":true,"href":"https:\/\/vivalibeauty.com\/de\/wp-json\/wp\/v2\/product_tag?post=1311"}],"curies":[{"name":"wp","href":"https:\/\/api.w.org\/{rel}","templated":true}]}}