{"id":1295,"date":"2024-07-18T11:13:50","date_gmt":"2024-07-18T08:13:50","guid":{"rendered":"https:\/\/vivalibeauty.com\/?post_type=product&#038;p=1295"},"modified":"2024-11-13T09:33:08","modified_gmt":"2024-11-13T06:33:08","slug":"sparkling-crackling","status":"publish","type":"product","link":"https:\/\/vivalibeauty.com\/de\/produkt\/sparkling-crackling\/","title":{"rendered":"SPARKLING &#038; CRACKLING"},"content":{"rendered":"<p><strong>Pflegen Sie Ihre F\u00fc\u00dfe mit CoolFoot, einem Ergebnis der belgischen Forschung und Entwicklung. Unser Spray verhindert unangenehme Ger<\/strong><strong>\u00fc<\/strong><strong>che, reduziert Schwei\u00df, wirkt antibakteriell und lindert Verbrennungen und Schwellungen. Sp<\/strong><strong>\u00fc<\/strong><strong>ren Sie den erfrischenden Zitrusduft und erleben Sie sofortige Erleichterung. F<\/strong><strong>\u00fc<\/strong><strong>gen Sie CoolFoot zu Ihrer Routine f<\/strong><strong>\u00fc<\/strong><strong>r gesunde F\u00fc\u00dfe hinzu und gehen Sie selbstbewusst in den Tag!<\/strong><\/p>\n","protected":false},"excerpt":{"rendered":"<p>Pflegen Sie Ihre F\u00fc\u00dfe mit CoolFoot, einem Ergebnis der belgischen Forschung und Entwicklung. Unser Spray verhindert unangenehme Ger\u00fcche, reduziert Schwei\u00df, wirkt antibakteriell&hellip;<\/p>\n","protected":false},"featured_media":1296,"template":"","meta":[],"product_brand":[],"product_cat":[35,60,59],"product_tag":[],"class_list":{"0":"post-1295","1":"product","2":"type-product","3":"status-publish","4":"has-post-thumbnail","6":"product_cat-coolfoot","7":"product_cat-cream-2","8":"product_cat-foot","10":"first","11":"instock","12":"taxable","13":"shipping-taxable","14":"purchasable","15":"product-type-variable"},"_links":{"self":[{"href":"https:\/\/vivalibeauty.com\/de\/wp-json\/wp\/v2\/product\/1295","targetHints":{"allow":["GET"]}}],"collection":[{"href":"https:\/\/vivalibeauty.com\/de\/wp-json\/wp\/v2\/product"}],"about":[{"href":"https:\/\/vivalibeauty.com\/de\/wp-json\/wp\/v2\/types\/product"}],"wp:featuredmedia":[{"embeddable":true,"href":"https:\/\/vivalibeauty.com\/de\/wp-json\/wp\/v2\/media\/1296"}],"wp:attachment":[{"href":"https:\/\/vivalibeauty.com\/de\/wp-json\/wp\/v2\/media?parent=1295"}],"wp:term":[{"taxonomy":"product_brand","embeddable":true,"href":"https:\/\/vivalibeauty.com\/de\/wp-json\/wp\/v2\/product_brand?post=1295"},{"taxonomy":"product_cat","embeddable":true,"href":"https:\/\/vivalibeauty.com\/de\/wp-json\/wp\/v2\/product_cat?post=1295"},{"taxonomy":"product_tag","embeddable":true,"href":"https:\/\/vivalibeauty.com\/de\/wp-json\/wp\/v2\/product_tag?post=1295"}],"curies":[{"name":"wp","href":"https:\/\/api.w.org\/{rel}","templated":true}]}}