{"id":3370,"date":"2024-05-22T18:11:31","date_gmt":"2024-05-22T15:11:31","guid":{"rendered":"https:\/\/vivalibeauty.com\/terms-conditions\/"},"modified":"2024-05-22T18:11:31","modified_gmt":"2024-05-22T15:11:31","slug":"terms-conditions","status":"publish","type":"page","link":"https:\/\/vivalibeauty.com\/de\/terms-conditions\/","title":{"rendered":"Terms &amp; Conditions"},"content":{"rendered":"\t\t<div data-elementor-type=\"wp-page\" data-elementor-id=\"3370\" class=\"elementor elementor-3370 elementor-1197\" data-elementor-post-type=\"page\">\n\t\t\t\t\t\t<section class=\"elementor-section elementor-top-section elementor-element elementor-element-cba873b elementor-section-full_width elementor-section-height-default elementor-section-height-default\" data-id=\"cba873b\" data-element_type=\"section\" data-e-type=\"section\">\n\t\t\t\t\t\t<div class=\"elementor-container elementor-column-gap-default\">\n\t\t\t\t\t<div class=\"elementor-column elementor-col-100 elementor-top-column elementor-element elementor-element-9a3b949\" data-id=\"9a3b949\" data-element_type=\"column\" data-e-type=\"column\">\n\t\t\t<div class=\"elementor-widget-wrap elementor-element-populated\">\n\t\t\t\t\t\t<div class=\"elementor-element elementor-element-2b879e6 elementor-widget elementor-widget-image\" data-id=\"2b879e6\" data-element_type=\"widget\" data-e-type=\"widget\" data-widget_type=\"image.default\">\n\t\t\t\t<div class=\"elementor-widget-container\">\n\t\t\t\t\t\t\t\t\t\t\t\t\t\t\t<img fetchpriority=\"high\" decoding=\"async\" width=\"1920\" height=\"700\" src=\"https:\/\/vivalibeauty.com\/wp-content\/uploads\/2024\/05\/KV-2.png\" class=\"attachment-full size-full wp-image-1200\" alt=\"\" srcset=\"https:\/\/vivalibeauty.com\/wp-content\/uploads\/2024\/05\/KV-2.png 1920w, https:\/\/vivalibeauty.com\/wp-content\/uploads\/2024\/05\/KV-2-300x109.png 300w, https:\/\/vivalibeauty.com\/wp-content\/uploads\/2024\/05\/KV-2-960x350.png 960w, https:\/\/vivalibeauty.com\/wp-content\/uploads\/2024\/05\/KV-2-600x219.png 600w, https:\/\/vivalibeauty.com\/wp-content\/uploads\/2024\/05\/KV-2-145x53.png 145w\" sizes=\"(max-width: 1920px) 100vw, 1920px\" data-copyright=\"\" data-headline=\"KV\" data-description=\"\" \/>\t\t\t\t\t\t\t\t\t\t\t\t\t\t\t<\/div>\n\t\t\t\t<\/div>\n\t\t\t\t\t<\/div>\n\t\t<\/div>\n\t\t\t\t\t<\/div>\n\t\t<\/section>\n\t\t\t\t<section class=\"elementor-section elementor-top-section elementor-element elementor-element-478bcde elementor-section-boxed elementor-section-height-default elementor-section-height-default\" data-id=\"478bcde\" data-element_type=\"section\" data-e-type=\"section\">\n\t\t\t\t\t\t<div class=\"elementor-container elementor-column-gap-default\">\n\t\t\t\t\t<div class=\"elementor-column elementor-col-100 elementor-top-column elementor-element elementor-element-8bd406a\" data-id=\"8bd406a\" data-element_type=\"column\" data-e-type=\"column\">\n\t\t\t<div class=\"elementor-widget-wrap elementor-element-populated\">\n\t\t\t\t\t\t<div class=\"elementor-element elementor-element-5f9f3cc elementor-widget elementor-widget-ideapark-heading\" data-id=\"5f9f3cc\" data-element_type=\"widget\" data-e-type=\"widget\" data-widget_type=\"ideapark-heading.default\">\n\t\t\t\t<div class=\"elementor-widget-container\">\n\t\t\t\t\t<h3 class=\"c-ip-heading c-ip-heading--large c-ip-heading--left c-ip-heading--bullet-hide\"><div class=\"c-ip-heading__inner\">Allgemeine Gesch\u00e4ftsbedingungen<\/div><\/h3>\t\t\t\t<\/div>\n\t\t\t\t<\/div>\n\t\t\t\t\t<\/div>\n\t\t<\/div>\n\t\t\t\t\t<\/div>\n\t\t<\/section>\n\t\t\t\t<section class=\"elementor-section elementor-top-section elementor-element elementor-element-f688004 elementor-section-boxed elementor-section-height-default elementor-section-height-default\" data-id=\"f688004\" data-element_type=\"section\" data-e-type=\"section\">\n\t\t\t\t\t\t<div class=\"elementor-container elementor-column-gap-default\">\n\t\t\t\t\t<div class=\"elementor-column elementor-col-100 elementor-top-column elementor-element elementor-element-949aaa7\" data-id=\"949aaa7\" data-element_type=\"column\" data-e-type=\"column\">\n\t\t\t<div class=\"elementor-widget-wrap elementor-element-populated\">\n\t\t\t\t\t\t<div class=\"elementor-element elementor-element-7c56a2c elementor-widget elementor-widget-text-editor\" data-id=\"7c56a2c\" data-element_type=\"widget\" data-e-type=\"widget\" data-widget_type=\"text-editor.default\">\n\t\t\t\t<div class=\"elementor-widget-container\">\n\t\t\t\t\t\t\t\t\t<div>&nbsp;<\/div>\n<p><span style=\"white-space-collapse: preserve;\"><b>1.&nbsp;GELTUNGSBEREICH<\/b><\/span><\/p>\n<p>F\u00fcr alle Bestellungen \u00fcber unseren Online-Shop gelten die nachfolgenden AGB. Unser Online-Shop richtet sich ausschlie\u00dflich an Verbraucher.<\/p>\n<p>Verbraucher ist jede nat\u00fcrliche Person, die ein Rechtsgesch\u00e4ft zu Zwecken abschlie\u00dft, die \u00fcberwiegend weder ihrer gewerblichen noch ihrer selbst\u00e4ndigen beruflichen T\u00e4tigkeit zugerechnet werden k\u00f6nnen. Unternehmer ist eine nat\u00fcrliche oder juristische Person oder eine rechtsf\u00e4hige Personengesellschaft, die bei Abschluss eines Rechtsgesch\u00e4fts in Aus\u00fcbung ihrer gewerblichen oder selbst\u00e4ndigen beruflichen T\u00e4tigkeit handelt.<br><b><br>2.&nbsp;VERTRAGSPARTNER, VERTRAGSSCHLUSS, KORREKTURM\u00d6GLICHKEITEN<\/b><\/p>\n<p>Der Kaufvertrag kommt zustande mit www.vivalibeauty.com<\/p>\n<p>Mit Einstellung der Produkte in den Online-Shop geben wir ein verbindliches Angebot zum Vertragsschluss \u00fcber diese Artikel ab. Sie k\u00f6nnen unsere Produkte zun\u00e4chst unverbindlich in den Warenkorb legen und Ihre Eingaben vor Absenden Ihrer verbindlichen Bestellung jederzeit korrigieren, indem Sie die hierf\u00fcr im Bestellablauf vorgesehenen und erl\u00e4uterten Korrekturhilfen nutzen. Der Vertrag kommt zustande, indem Sie durch Anklicken des Bestellbuttons das Angebot \u00fcber die im Warenkorb enthaltenen Waren annehmen. Unmittelbar nach dem Absenden der Bestellung erhalten Sie noch einmal eine Best\u00e4tigung per E-Mail.<\/p>\n<p><b>3.&nbsp;VERTRAGSSPRACHE, VERTRAGSTEXTSPEICHERUNG<\/b><\/p>\n<p>Die f\u00fcr den Vertragsschluss zur Verf\u00fcgung stehende(n) Sprache(n): Deutsch<\/p>\n<p>Wir speichern den Vertragstext und senden Ihnen die Bestelldaten und unsere AGB in Textform zu. Den Vertragstext k\u00f6nnen Sie in unserem Kunden-Login einsehen.<\/p>\n<p><b>4.&nbsp;LIEFERBEDINGUNGEN<\/b><\/p>\n<p>Zuz\u00fcglich zu den angegebenen Produktpreisen k\u00f6nnen noch Versandkosten anfallen. N\u00e4here Bestimmungen zu ggf. anfallenden Versandkosten erfahren Sie bei den Angeboten.<\/p>\n<p>Wir liefern nur im Versandweg. Eine Selbstabholung der Ware ist leider nicht m\u00f6glich.<\/p>\n<p>Wir liefern nicht an Packstationen.<\/p>\n<p><b>5.&nbsp;BEZAHLUNG<br><\/b><br>In unserem Shop stehen Ihnen grunds\u00e4tzlich die folgenden Zahlungsarten zur Verf\u00fcgung:<\/p>\n<p>Vorkasse\u2028Bei Auswahl der Zahlungsart Vorkasse nennen wir Ihnen <br>unsere Bankverbindung in separater E-Mail und liefern die Ware nach Zahlungseingang.<\/p>\n<p>Nachnahme\u2028Sie zahlen den Kaufpreis direkt beim Zusteller. Hierf\u00fcr fallen <br>keine weiteren Kosten an.<\/p>\n<p>Kreditkarte\u2028Im Bestellprozess geben Sie Ihre Kreditkartendaten an. I<br>hre Karte wird unmittelbar nach Abgabe der Bestellung belastet.<\/p>\n<p><b>6.&nbsp;GEW\u00c4HRLEISTUNG UND GARANTIEN<\/b><\/p>\n<p><b>6.1&nbsp;M\u00c4NGELHAFTUNGSRECHT<\/b><\/p>\n<p>Es gilt das gesetzliche M\u00e4ngelhaftungsrecht.<\/p>\n<p><b>6.2&nbsp;GARANTIEN UND KUNDENDIENST<\/b><\/p>\n<p>Informationen zu gegebenenfalls geltenden zus\u00e4tzlichen Garantien und deren genaue Bedingungen finden Sie jeweils beim Produkt und \u2028auf besonderen Informationsseiten im Online-Shop.<\/p>\n<p><b>7.&nbsp;STREITBEILEGUNG<\/b><\/p>\n<p>Die Europ\u00e4ische Kommission stellt eine Plattform zur Online-Streitbeilegung (OS) bereit, die Sie hier [https:\/\/ec.europa.eu\/consumers\/odr\/] finden. Zur Teilnahme an einem Streitbeilegungsverfahren vor einer Verbraucherschlichtungsstelle sind wir nicht verpflichtet und nicht bereit.<\/p>\n<p><b>8.&nbsp;JUGENDSCHUTZ<\/b><\/p>\n<p>Sofern Ihre Bestellung Waren umfasst, deren Verkauf Altersbeschr\u00e4nkungen unterliegt, stellen \u2028wir durch den Einsatz eines zuverl\u00e4ssigen Verfahrens unter Einbeziehung einer pers\u00f6nlichen Identit\u00e4ts- und Alterspr\u00fcfung sicher, dass der\u2028Besteller das erforderliche Mindestalter erreicht hat. Der Zusteller \u00fcbergibt die Ware erst nach erfolgter Alterspr\u00fcfung und nur an den Besteller pers\u00f6nlich.<\/p>\n<p>AGB erstellt mit dem Trusted Shops&nbsp;<a href=\"https:\/\/legal.trustedshops.com\" target=\"_blank\">[https:\/\/legal.trustedshops.com\/]<\/a>&nbsp;\u2028Rechtstexter in Kooperation mit F\u00d6HLISCH Rechtsanw\u00e4lte [<a href=\"https:\/\/foehlisch.com\" target=\"_blank\">https:\/\/foehlisch.com]<\/a>.<\/p>\t\t\t\t\t\t\t\t<\/div>\n\t\t\t\t<\/div>\n\t\t\t\t\t<\/div>\n\t\t<\/div>\n\t\t\t\t\t<\/div>\n\t\t<\/section>\n\t\t\t\t<\/div>\n\t\t","protected":false},"excerpt":{"rendered":"<p>Allgemeine Gesch\u00e4ftsbedingungen &nbsp; 1.&nbsp;GELTUNGSBEREICH F\u00fcr alle Bestellungen \u00fcber unseren Online-Shop gelten die nachfolgenden AGB. Unser Online-Shop richtet sich ausschlie\u00dflich an Verbraucher. Verbraucher&hellip;<\/p>\n","protected":false},"author":1,"featured_media":0,"parent":0,"menu_order":0,"comment_status":"closed","ping_status":"closed","template":"elementor_header_footer","meta":{"footnotes":""},"class_list":["post-3370","page","type-page","status-publish","hentry"],"_links":{"self":[{"href":"https:\/\/vivalibeauty.com\/de\/wp-json\/wp\/v2\/pages\/3370","targetHints":{"allow":["GET"]}}],"collection":[{"href":"https:\/\/vivalibeauty.com\/de\/wp-json\/wp\/v2\/pages"}],"about":[{"href":"https:\/\/vivalibeauty.com\/de\/wp-json\/wp\/v2\/types\/page"}],"author":[{"embeddable":true,"href":"https:\/\/vivalibeauty.com\/de\/wp-json\/wp\/v2\/users\/1"}],"replies":[{"embeddable":true,"href":"https:\/\/vivalibeauty.com\/de\/wp-json\/wp\/v2\/comments?post=3370"}],"version-history":[{"count":0,"href":"https:\/\/vivalibeauty.com\/de\/wp-json\/wp\/v2\/pages\/3370\/revisions"}],"wp:attachment":[{"href":"https:\/\/vivalibeauty.com\/de\/wp-json\/wp\/v2\/media?parent=3370"}],"curies":[{"name":"wp","href":"https:\/\/api.w.org\/{rel}","templated":true}]}}