{"id":3368,"date":"2024-05-22T17:16:42","date_gmt":"2024-05-22T14:16:42","guid":{"rendered":"https:\/\/vivalibeauty.com\/return-policy\/"},"modified":"2024-05-22T17:16:42","modified_gmt":"2024-05-22T14:16:42","slug":"return-policy","status":"publish","type":"page","link":"https:\/\/vivalibeauty.com\/de\/return-policy\/","title":{"rendered":"Return Policy"},"content":{"rendered":"\t\t<div data-elementor-type=\"wp-page\" data-elementor-id=\"3368\" class=\"elementor elementor-3368 elementor-11\" data-elementor-post-type=\"page\">\n\t\t\t\t\t\t<section class=\"elementor-section elementor-top-section elementor-element elementor-element-23ca046 elementor-section-full_width elementor-section-height-default elementor-section-height-default\" data-id=\"23ca046\" data-element_type=\"section\" data-e-type=\"section\">\n\t\t\t\t\t\t<div class=\"elementor-container elementor-column-gap-default\">\n\t\t\t\t\t<div class=\"elementor-column elementor-col-100 elementor-top-column elementor-element elementor-element-2e75d2f\" data-id=\"2e75d2f\" data-element_type=\"column\" data-e-type=\"column\">\n\t\t\t<div class=\"elementor-widget-wrap elementor-element-populated\">\n\t\t\t\t\t\t<div class=\"elementor-element elementor-element-338243f elementor-widget elementor-widget-image\" data-id=\"338243f\" data-element_type=\"widget\" data-e-type=\"widget\" data-widget_type=\"image.default\">\n\t\t\t\t<div class=\"elementor-widget-container\">\n\t\t\t\t\t\t\t\t\t\t\t\t\t\t\t<img fetchpriority=\"high\" decoding=\"async\" width=\"1920\" height=\"700\" src=\"https:\/\/vivalibeauty.com\/wp-content\/uploads\/2024\/05\/KV.png\" class=\"attachment-full size-full wp-image-1186\" alt=\"\" srcset=\"https:\/\/vivalibeauty.com\/wp-content\/uploads\/2024\/05\/KV.png 1920w, https:\/\/vivalibeauty.com\/wp-content\/uploads\/2024\/05\/KV-300x109.png 300w, https:\/\/vivalibeauty.com\/wp-content\/uploads\/2024\/05\/KV-960x350.png 960w, https:\/\/vivalibeauty.com\/wp-content\/uploads\/2024\/05\/KV-600x219.png 600w, https:\/\/vivalibeauty.com\/wp-content\/uploads\/2024\/05\/KV-145x53.png 145w\" sizes=\"(max-width: 1920px) 100vw, 1920px\" data-copyright=\"\" data-headline=\"KV\" data-description=\"\" \/>\t\t\t\t\t\t\t\t\t\t\t\t\t\t\t<\/div>\n\t\t\t\t<\/div>\n\t\t\t\t\t<\/div>\n\t\t<\/div>\n\t\t\t\t\t<\/div>\n\t\t<\/section>\n\t\t\t\t<section class=\"elementor-section elementor-top-section elementor-element elementor-element-d2ba5f9 elementor-section-boxed elementor-section-height-default elementor-section-height-default\" data-id=\"d2ba5f9\" data-element_type=\"section\" data-e-type=\"section\">\n\t\t\t\t\t\t<div class=\"elementor-container elementor-column-gap-default\">\n\t\t\t\t\t<div class=\"elementor-column elementor-col-100 elementor-top-column elementor-element elementor-element-d9a8b9f\" data-id=\"d9a8b9f\" data-element_type=\"column\" data-e-type=\"column\">\n\t\t\t<div class=\"elementor-widget-wrap elementor-element-populated\">\n\t\t\t\t\t\t<div class=\"elementor-element elementor-element-7a034b9 elementor-widget elementor-widget-ideapark-heading\" data-id=\"7a034b9\" data-element_type=\"widget\" data-e-type=\"widget\" data-widget_type=\"ideapark-heading.default\">\n\t\t\t\t<div class=\"elementor-widget-container\">\n\t\t\t\t\t<h3 class=\"c-ip-heading c-ip-heading--large c-ip-heading--left c-ip-heading--bullet-hide\"><div class=\"c-ip-heading__inner\">R\u00fccksendungen<\/div><\/h3>\t\t\t\t<\/div>\n\t\t\t\t<\/div>\n\t\t\t\t\t<\/div>\n\t\t<\/div>\n\t\t\t\t\t<\/div>\n\t\t<\/section>\n\t\t\t\t<section class=\"elementor-section elementor-top-section elementor-element elementor-element-577413e elementor-section-boxed elementor-section-height-default elementor-section-height-default\" data-id=\"577413e\" data-element_type=\"section\" data-e-type=\"section\">\n\t\t\t\t\t\t<div class=\"elementor-container elementor-column-gap-default\">\n\t\t\t\t\t<div class=\"elementor-column elementor-col-100 elementor-top-column elementor-element elementor-element-764286b\" data-id=\"764286b\" data-element_type=\"column\" data-e-type=\"column\">\n\t\t\t<div class=\"elementor-widget-wrap elementor-element-populated\">\n\t\t\t\t\t\t<div class=\"elementor-element elementor-element-08d41ed elementor-widget-tablet__width-initial elementor-widget elementor-widget-text-editor\" data-id=\"08d41ed\" data-element_type=\"widget\" data-e-type=\"widget\" data-widget_type=\"text-editor.default\">\n\t\t\t\t<div class=\"elementor-widget-container\">\n\t\t\t\t\t\t\t\t\t<div>&nbsp;<\/div>\n<p><span style=\"white-space-collapse: preserve;\">Sie k\u00f6nnen innerhalb von&nbsp;vierzehn Tagen&nbsp;ohne Angabe von Gr\u00fcnden von dem mit Vivali .E.U&nbsp; \u00fcber den Online Shop geschlossenen Vertrag&nbsp;zur\u00fccktreten.&nbsp;Die Widerrufsfrist ist vierzehn Tage&nbsp;und&nbsp;beginnt:\u2028<\/span><\/p><p><span style=\"white-space-collapse: preserve;\"><br><ul><li><span style=\"white-space-collapse: preserve;\">Im Falle eines&nbsp;Kaufvertrags&nbsp;an dem Tag, an dem der Kunde oder ein von ihm genannter Dritter (darunter ist nicht der Bef\u00f6rderer zu verstehen) das bestellte Produkt in&nbsp;Besitz nimmt;\u2028<\/span><\/li><li><span style=\"white-space-collapse: preserve;\">Falls der Kunde mehrere Produkte innerhalb einer&nbsp;einheitlichen Bestellung&nbsp;bestellt hat, die\u2028getrennt geliefert&nbsp;wird, mit dem Tag, an dem der Kunde oder ein vom Kunden benannter Dritter (darunter ist nicht der Bef\u00f6rderer zu verstehen) das&nbsp;letzte Produkt&nbsp;in Besitz nimmt;\u2028<\/span><\/li><li><span style=\"white-space-collapse: preserve;\">Bei einer Lieferung einer Ware in&nbsp;mehreren Teilsendungen&nbsp;mit dem Tag, an dem der Kunde oder ein vom Kunden benannter Dritter (darunter ist nicht der Bef\u00f6rderer zu verstehen) die&nbsp;letzte Teilsendung&nbsp;oder das&nbsp;letzte St\u00fcck&nbsp;in Besitz nimmt;<\/span><\/li><\/ul><div><br><\/div><\/span><\/p>\n<p><b>Mittels einer&nbsp;eindeutigen Erkl\u00e4rung&nbsp;k\u00f6nnen Sie Ihr R\u00fccktrittsrecht, in der die Vivali E.U. \u00fcber den Entschluss, vom Vertrag zur\u00fcckzutreten informiert wird, wahrnehmen. Dies kann erfolgen:<\/b>\u2028<\/p>\n<ul>\n<li>per Post:\u2028 Vivali .E.U Parkring 12a G.L.1 1010, Wien<\/li>\n<li>per E-Mail:\u2028 info@vivalibeuaty.com<\/li>\n<li>per Telefon:\u2028 +43 1 5129564<\/li>\n<\/ul>\t\t\t\t\t\t\t\t<\/div>\n\t\t\t\t<\/div>\n\t\t\t\t\t<\/div>\n\t\t<\/div>\n\t\t\t\t\t<\/div>\n\t\t<\/section>\n\t\t\t\t<\/div>\n\t\t","protected":false},"excerpt":{"rendered":"<p>R\u00fccksendungen &nbsp; Sie k\u00f6nnen innerhalb von&nbsp;vierzehn Tagen&nbsp;ohne Angabe von Gr\u00fcnden von dem mit Vivali .E.U&nbsp; \u00fcber den Online Shop geschlossenen Vertrag&nbsp;zur\u00fccktreten.&nbsp;Die Widerrufsfrist&hellip;<\/p>\n","protected":false},"author":1,"featured_media":0,"parent":0,"menu_order":0,"comment_status":"closed","ping_status":"closed","template":"elementor_header_footer","meta":{"footnotes":""},"class_list":["post-3368","page","type-page","status-publish","hentry"],"_links":{"self":[{"href":"https:\/\/vivalibeauty.com\/de\/wp-json\/wp\/v2\/pages\/3368","targetHints":{"allow":["GET"]}}],"collection":[{"href":"https:\/\/vivalibeauty.com\/de\/wp-json\/wp\/v2\/pages"}],"about":[{"href":"https:\/\/vivalibeauty.com\/de\/wp-json\/wp\/v2\/types\/page"}],"author":[{"embeddable":true,"href":"https:\/\/vivalibeauty.com\/de\/wp-json\/wp\/v2\/users\/1"}],"replies":[{"embeddable":true,"href":"https:\/\/vivalibeauty.com\/de\/wp-json\/wp\/v2\/comments?post=3368"}],"version-history":[{"count":0,"href":"https:\/\/vivalibeauty.com\/de\/wp-json\/wp\/v2\/pages\/3368\/revisions"}],"wp:attachment":[{"href":"https:\/\/vivalibeauty.com\/de\/wp-json\/wp\/v2\/media?parent=3368"}],"curies":[{"name":"wp","href":"https:\/\/api.w.org\/{rel}","templated":true}]}}